{"id":7,"date":"2022-01-23T17:14:48","date_gmt":"2022-01-23T17:14:48","guid":{"rendered":"http:\/\/chris-gotzmann.de\/?page_id=7"},"modified":"2024-03-04T11:08:56","modified_gmt":"2024-03-04T11:08:56","slug":"chris-gotzmann","status":"publish","type":"page","link":"https:\/\/chris-gotzmann.de\/","title":{"rendered":"Chris Gotzmann"},"content":{"rendered":"<p>Hallo mein Name ist Chris(toph) Gotzmann und ich war von Beruf SEO, also \u201cgut deutsch\u201d: Suchmaschinenoptimierer.<\/p>\n<p>War &#8220;war&#8221;? Weil das ganze schon so einige Zeit hier mir liegt.<\/p>\n<p>Aktuell bin ich haupts\u00e4chlich Fachmann f\u00fcr die &#8220;regionale Sichtbarkeit bei Google, also f\u00fcr die reine &#8220;<a href=\"https:\/\/regioseiten.de\">Lokale Suchmaschinenoptimierung<\/a>&#8220;.<\/p>\n<hr \/>\n<h3>Background &amp; Informationen zu den ganzen &#8220;<strong><a href=\"https:\/\/www.coolster-typ-der-welt.de\/\">Chris Gotzmann<\/a><\/strong> Domains&#8221;:<\/h3>\n<p>Da Domains und Internetseiten\u00a0f\u00fcr Google und Suchmaschinenoptimierung das \u201cA und O\u201d sind, haben wir schon vor Jahren alle m\u00f6glichen \u201cNamensdomains\u201d f\u00fcr mich registriert und aufgebaut, um mich als Person sowie meine Online Marketing Agentur vorzustellen.<\/p>\n<h2>Gefunden.net: SEO, Suchmaschinenoptimierung &amp; Internet Marketing<\/h2>\n<h3><img loading=\"lazy\" class=\"alignleft size-full wp-image-97\" src=\"https:\/\/web.archive.org\/web\/20210416115616im_\/https:\/\/chris-gotzmann.de\/wp-content\/uploads\/2019\/10\/ChrisGotzmann.png\" alt=\"\" width=\"45\" height=\"78\" \/>Als Werbeagentur bieten wir Ihnen Webdesign, Suchmaschinen Marketing &amp; Google Optimierung.<\/h3>\n<p>M\u00f6chten Sie besser bei Google gefunden werden? Und zwar unter den Begriffen, nach den denen Ihre Potentiellen Kunden auch wirklich suchen?<\/p>\n<blockquote><p><strong>Schreiben Sie uns an, gerne machen wir mit Ihnen eine kostenlose Erstberatung.<\/strong><\/p>\n<p><em><strong><a href=\"https:\/\/www.gefunden.net\/kontakt\/\">zum Kontaktformular!<\/a><\/strong><\/em><\/p>\n<hr \/>\n<\/blockquote>\n<p>Links: <a href=\"https:\/\/mxguarddog.com\/blog\/block-spam-emails\/\">block spam emails<\/a><\/p>\n","protected":false},"excerpt":{"rendered":"<p>Hallo mein Name ist Chris(toph) Gotzmann und ich war von Beruf SEO, also \u201cgut deutsch\u201d: Suchmaschinenoptimierer. War &#8220;war&#8221;? Weil das ganze schon so einige Zeit hier mir liegt. Aktuell bin ich haupts\u00e4chlich Fachmann f\u00fcr die &#8220;regionale Sichtbarkeit bei Google, also f\u00fcr die reine &#8220;Lokale Suchmaschinenoptimierung&#8220;. Background &amp; Informationen zu den ganzen &#8220;Chris Gotzmann Domains&#8221;: Da &hellip; <\/p>\n<p class=\"link-more\"><a href=\"https:\/\/chris-gotzmann.de\/\" class=\"more-link\"><span class=\"screen-reader-text\">\u201eChris Gotzmann\u201c<\/span> weiterlesen<\/a><\/p>\n","protected":false},"author":1,"featured_media":0,"parent":0,"menu_order":0,"comment_status":"closed","ping_status":"closed","template":"","meta":[],"_links":{"self":[{"href":"https:\/\/chris-gotzmann.de\/index.php?rest_route=\/wp\/v2\/pages\/7"}],"collection":[{"href":"https:\/\/chris-gotzmann.de\/index.php?rest_route=\/wp\/v2\/pages"}],"about":[{"href":"https:\/\/chris-gotzmann.de\/index.php?rest_route=\/wp\/v2\/types\/page"}],"author":[{"embeddable":true,"href":"https:\/\/chris-gotzmann.de\/index.php?rest_route=\/wp\/v2\/users\/1"}],"replies":[{"embeddable":true,"href":"https:\/\/chris-gotzmann.de\/index.php?rest_route=%2Fwp%2Fv2%2Fcomments&post=7"}],"version-history":[{"count":5,"href":"https:\/\/chris-gotzmann.de\/index.php?rest_route=\/wp\/v2\/pages\/7\/revisions"}],"predecessor-version":[{"id":18,"href":"https:\/\/chris-gotzmann.de\/index.php?rest_route=\/wp\/v2\/pages\/7\/revisions\/18"}],"wp:attachment":[{"href":"https:\/\/chris-gotzmann.de\/index.php?rest_route=%2Fwp%2Fv2%2Fmedia&parent=7"}],"curies":[{"name":"wp","href":"https:\/\/api.w.org\/{rel}","templated":true}]}}